{"id":998,"date":"2022-06-06T18:54:55","date_gmt":"2022-06-06T18:54:55","guid":{"rendered":"http:\/\/motoclubplechatel.free.fr\/?page_id=998"},"modified":"2024-02-08T16:57:14","modified_gmt":"2024-02-08T15:57:14","slug":"2022-plouguerneau","status":"publish","type":"page","link":"https:\/\/motoclubplechatel.fr\/index.php\/photos\/photo-balade-moto-route\/2022-plouguerneau\/","title":{"rendered":"2022 &#8211; Plouguerneau"},"content":{"rendered":"\n<p>Les 26, 27, 28 et 29 mai 2022 a eu lieu la balade annuelle du moto club de Pl\u00e9ch\u00e2tel.<br>Cette ann\u00e9e la destination \u00e9tait la pointe nord de la Bretagne, \u2026..<br>Visite du village de Meneham, du&nbsp;chantier&nbsp;naval du&nbsp;P\u00e8re Jaouen \u00e0 Aber Wrac&rsquo;h, de Portsall avec l&rsquo;ancre de l&rsquo;Amoco cadiz, de la pointe St Mathieu, \u2026.<br>Notre h\u00e9bergement se situait au&nbsp;camping \u00ab\u00a0du vougot\u00a0\u00bb&nbsp;\u00e0 Plouguerneau.<\/p>\n\n\n\n<p>Retrouvez les photos de cette sortie en cliquant sur la photo ci dessous.<\/p>\n\n\n\n<figure class=\"wp-block-image aligncenter\"><a href=\"https:\/\/photos.app.goo.gl\/GV48E2A1xFEse5ydA\" target=\"_blank\" rel=\"noopener\"><img loading=\"lazy\" decoding=\"async\" width=\"300\" height=\"225\" src=\"http:\/\/motoclubplechatel.fr\/wp-content\/uploads\/2022\/06\/2022_baladeMoto-300x225.jpg\" alt=\"\" class=\"wp-image-999\" title=\"2022_baladeMoto\" srcset=\"https:\/\/motoclubplechatel.fr\/wp-content\/uploads\/2022\/06\/2022_baladeMoto-300x225.jpg 300w, https:\/\/motoclubplechatel.fr\/wp-content\/uploads\/2022\/06\/2022_baladeMoto-768x576.jpg 768w, https:\/\/motoclubplechatel.fr\/wp-content\/uploads\/2022\/06\/2022_baladeMoto.jpg 1008w\" sizes=\"auto, (max-width: 300px) 100vw, 300px\" \/><\/a><\/figure>\n","protected":false},"excerpt":{"rendered":"<p>Les 26, 27, 28 et 29 mai 2022 a eu lieu la balade annuelle du moto club de Pl\u00e9ch\u00e2tel.Cette ann\u00e9e [&hellip;]<\/p>\n","protected":false},"author":3,"featured_media":0,"parent":254,"menu_order":0,"comment_status":"closed","ping_status":"open","template":"","meta":{"site-sidebar-layout":"default","site-content-layout":"","ast-site-content-layout":"default","site-content-style":"default","site-sidebar-style":"default","ast-global-header-display":"","ast-banner-title-visibility":"","ast-main-header-display":"","ast-hfb-above-header-display":"","ast-hfb-below-header-display":"","ast-hfb-mobile-header-display":"","site-post-title":"","ast-breadcrumbs-content":"","ast-featured-img":"","footer-sml-layout":"","ast-disable-related-posts":"","theme-transparent-header-meta":"","adv-header-id-meta":"","stick-header-meta":"","header-above-stick-meta":"","header-main-stick-meta":"","header-below-stick-meta":"","astra-migrate-meta-layouts":"default","ast-page-background-enabled":"default","ast-page-background-meta":{"desktop":{"background-color":"var(--ast-global-color-4)","background-image":"","background-repeat":"repeat","background-position":"center center","background-size":"auto","background-attachment":"scroll","background-type":"","background-media":"","overlay-type":"","overlay-color":"","overlay-opacity":"","overlay-gradient":""},"tablet":{"background-color":"","background-image":"","background-repeat":"repeat","background-position":"center center","background-size":"auto","background-attachment":"scroll","background-type":"","background-media":"","overlay-type":"","overlay-color":"","overlay-opacity":"","overlay-gradient":""},"mobile":{"background-color":"","background-image":"","background-repeat":"repeat","background-position":"center center","background-size":"auto","background-attachment":"scroll","background-type":"","background-media":"","overlay-type":"","overlay-color":"","overlay-opacity":"","overlay-gradient":""}},"ast-content-background-meta":{"desktop":{"background-color":"var(--ast-global-color-5)","background-image":"","background-repeat":"repeat","background-position":"center center","background-size":"auto","background-attachment":"scroll","background-type":"","background-media":"","overlay-type":"","overlay-color":"","overlay-opacity":"","overlay-gradient":""},"tablet":{"background-color":"var(--ast-global-color-5)","background-image":"","background-repeat":"repeat","background-position":"center center","background-size":"auto","background-attachment":"scroll","background-type":"","background-media":"","overlay-type":"","overlay-color":"","overlay-opacity":"","overlay-gradient":""},"mobile":{"background-color":"var(--ast-global-color-5)","background-image":"","background-repeat":"repeat","background-position":"center center","background-size":"auto","background-attachment":"scroll","background-type":"","background-media":"","overlay-type":"","overlay-color":"","overlay-opacity":"","overlay-gradient":""}},"footnotes":""},"class_list":["post-998","page","type-page","status-publish","hentry"],"_links":{"self":[{"href":"https:\/\/motoclubplechatel.fr\/index.php\/wp-json\/wp\/v2\/pages\/998","targetHints":{"allow":["GET"]}}],"collection":[{"href":"https:\/\/motoclubplechatel.fr\/index.php\/wp-json\/wp\/v2\/pages"}],"about":[{"href":"https:\/\/motoclubplechatel.fr\/index.php\/wp-json\/wp\/v2\/types\/page"}],"author":[{"embeddable":true,"href":"https:\/\/motoclubplechatel.fr\/index.php\/wp-json\/wp\/v2\/users\/3"}],"replies":[{"embeddable":true,"href":"https:\/\/motoclubplechatel.fr\/index.php\/wp-json\/wp\/v2\/comments?post=998"}],"version-history":[{"count":1,"href":"https:\/\/motoclubplechatel.fr\/index.php\/wp-json\/wp\/v2\/pages\/998\/revisions"}],"predecessor-version":[{"id":1260,"href":"https:\/\/motoclubplechatel.fr\/index.php\/wp-json\/wp\/v2\/pages\/998\/revisions\/1260"}],"up":[{"embeddable":true,"href":"https:\/\/motoclubplechatel.fr\/index.php\/wp-json\/wp\/v2\/pages\/254"}],"wp:attachment":[{"href":"https:\/\/motoclubplechatel.fr\/index.php\/wp-json\/wp\/v2\/media?parent=998"}],"curies":[{"name":"wp","href":"https:\/\/api.w.org\/{rel}","templated":true}]}}