{"id":781,"date":"2018-03-07T08:17:38","date_gmt":"2018-03-07T08:17:38","guid":{"rendered":"http:\/\/motoclubplechatel.free.fr\/?page_id=781"},"modified":"2024-02-08T17:48:36","modified_gmt":"2024-02-08T16:48:36","slug":"2018-2","status":"publish","type":"page","link":"https:\/\/motoclubplechatel.fr\/index.php\/photos\/photo-trial\/2018-2\/","title":{"rendered":"2018"},"content":{"rendered":"\n<p>les photos du trial gallo des 13\/14 octobre 2018 sont disponibles<br>Merci \u00e0 Herv\u00e9 pour les photos.<\/p>\n\n\n\n<figure class=\"wp-block-image aligncenter\"><a href=\"https:\/\/photos.app.goo.gl\/Pco7ov7fUrpWJRSS8\" target=\"_blank\" rel=\"noopener\"><img loading=\"lazy\" decoding=\"async\" width=\"200\" height=\"300\" src=\"http:\/\/motoclubplechatel.fr\/wp-content\/uploads\/2018\/11\/2018TrialGallo-200x300.jpg\" alt=\"\" class=\"wp-image-832\" title=\"2018TrialGallo\" srcset=\"https:\/\/motoclubplechatel.fr\/wp-content\/uploads\/2018\/11\/2018TrialGallo-200x300.jpg 200w, https:\/\/motoclubplechatel.fr\/wp-content\/uploads\/2018\/11\/2018TrialGallo.jpg 640w\" sizes=\"auto, (max-width: 200px) 100vw, 200px\" \/><\/a><\/figure>\n\n\n\n<p>Revivez l&rsquo;\u00e9preuve du 25 mars 2018 gr\u00e2ce aux photos de Herv\u00e9 (cliquez sur la photo ci dessous)<\/p>\n\n\n\n<figure class=\"wp-block-image aligncenter size-full\"><img loading=\"lazy\" decoding=\"async\" width=\"300\" height=\"251\" src=\"http:\/\/motoclubplechatel.fr\/wp-content\/uploads\/2024\/02\/20180325Trial.jpg\" alt=\"\" class=\"wp-image-1282\"\/><\/figure>\n\n\n\n<p>Le 06 mars 2018 une commission pr\u00e9fectorale est venue visiter les zones du prochain trial, retrouvez quelques photos en cliquant <a href=\"https:\/\/photos.app.goo.gl\/C3PnISWcBayYJSj13\" target=\"_blank\" rel=\"noreferrer noopener\">ici<\/a><br>Merci \u00e0 Herv\u00e9 pour les photos<\/p>\n","protected":false},"excerpt":{"rendered":"<p>les photos du trial gallo des 13\/14 octobre 2018 sont disponiblesMerci \u00e0 Herv\u00e9 pour les photos. Revivez l&rsquo;\u00e9preuve du 25 [&hellip;]<\/p>\n","protected":false},"author":3,"featured_media":0,"parent":234,"menu_order":0,"comment_status":"closed","ping_status":"closed","template":"","meta":{"site-sidebar-layout":"default","site-content-layout":"","ast-site-content-layout":"default","site-content-style":"default","site-sidebar-style":"default","ast-global-header-display":"","ast-banner-title-visibility":"","ast-main-header-display":"","ast-hfb-above-header-display":"","ast-hfb-below-header-display":"","ast-hfb-mobile-header-display":"","site-post-title":"","ast-breadcrumbs-content":"","ast-featured-img":"","footer-sml-layout":"","ast-disable-related-posts":"","theme-transparent-header-meta":"","adv-header-id-meta":"","stick-header-meta":"","header-above-stick-meta":"","header-main-stick-meta":"","header-below-stick-meta":"","astra-migrate-meta-layouts":"default","ast-page-background-enabled":"default","ast-page-background-meta":{"desktop":{"background-color":"var(--ast-global-color-4)","background-image":"","background-repeat":"repeat","background-position":"center center","background-size":"auto","background-attachment":"scroll","background-type":"","background-media":"","overlay-type":"","overlay-color":"","overlay-opacity":"","overlay-gradient":""},"tablet":{"background-color":"","background-image":"","background-repeat":"repeat","background-position":"center center","background-size":"auto","background-attachment":"scroll","background-type":"","background-media":"","overlay-type":"","overlay-color":"","overlay-opacity":"","overlay-gradient":""},"mobile":{"background-color":"","background-image":"","background-repeat":"repeat","background-position":"center center","background-size":"auto","background-attachment":"scroll","background-type":"","background-media":"","overlay-type":"","overlay-color":"","overlay-opacity":"","overlay-gradient":""}},"ast-content-background-meta":{"desktop":{"background-color":"var(--ast-global-color-5)","background-image":"","background-repeat":"repeat","background-position":"center center","background-size":"auto","background-attachment":"scroll","background-type":"","background-media":"","overlay-type":"","overlay-color":"","overlay-opacity":"","overlay-gradient":""},"tablet":{"background-color":"var(--ast-global-color-5)","background-image":"","background-repeat":"repeat","background-position":"center center","background-size":"auto","background-attachment":"scroll","background-type":"","background-media":"","overlay-type":"","overlay-color":"","overlay-opacity":"","overlay-gradient":""},"mobile":{"background-color":"var(--ast-global-color-5)","background-image":"","background-repeat":"repeat","background-position":"center center","background-size":"auto","background-attachment":"scroll","background-type":"","background-media":"","overlay-type":"","overlay-color":"","overlay-opacity":"","overlay-gradient":""}},"footnotes":""},"class_list":["post-781","page","type-page","status-publish","hentry"],"_links":{"self":[{"href":"https:\/\/motoclubplechatel.fr\/index.php\/wp-json\/wp\/v2\/pages\/781","targetHints":{"allow":["GET"]}}],"collection":[{"href":"https:\/\/motoclubplechatel.fr\/index.php\/wp-json\/wp\/v2\/pages"}],"about":[{"href":"https:\/\/motoclubplechatel.fr\/index.php\/wp-json\/wp\/v2\/types\/page"}],"author":[{"embeddable":true,"href":"https:\/\/motoclubplechatel.fr\/index.php\/wp-json\/wp\/v2\/users\/3"}],"replies":[{"embeddable":true,"href":"https:\/\/motoclubplechatel.fr\/index.php\/wp-json\/wp\/v2\/comments?post=781"}],"version-history":[{"count":3,"href":"https:\/\/motoclubplechatel.fr\/index.php\/wp-json\/wp\/v2\/pages\/781\/revisions"}],"predecessor-version":[{"id":1285,"href":"https:\/\/motoclubplechatel.fr\/index.php\/wp-json\/wp\/v2\/pages\/781\/revisions\/1285"}],"up":[{"embeddable":true,"href":"https:\/\/motoclubplechatel.fr\/index.php\/wp-json\/wp\/v2\/pages\/234"}],"wp:attachment":[{"href":"https:\/\/motoclubplechatel.fr\/index.php\/wp-json\/wp\/v2\/media?parent=781"}],"curies":[{"name":"wp","href":"https:\/\/api.w.org\/{rel}","templated":true}]}}