{"id":267,"date":"2014-01-06T14:55:01","date_gmt":"2014-01-06T14:55:01","guid":{"rendered":"http:\/\/motoclubplechatel.free.fr\/?page_id=267"},"modified":"2024-07-19T12:33:14","modified_gmt":"2024-07-19T10:33:14","slug":"contact-4","status":"publish","type":"page","link":"https:\/\/motoclubplechatel.fr\/index.php\/contact-4\/","title":{"rendered":"Contact"},"content":{"rendered":"\n<div style=\"height:32px\" aria-hidden=\"true\" class=\"wp-block-spacer\"><\/div>\n\n\n\n<p><em>adresse postale<\/em> : Moto Club de Pl\u00e9chatel 9 All\u00e9e du patio des ch\u00eanes 35131 PONT PEAN<\/p>\n\n\n\n<div style=\"height:32px\" aria-hidden=\"true\" class=\"wp-block-spacer\"><\/div>\n\n\n\n<p><em>Formulaire de contact :<\/em><\/p>\n\n\n\n<div class=\"wp-block-contact-form-7-contact-form-selector\">\n<div class=\"wpcf7 no-js\" id=\"wpcf7-f1521-o1\" lang=\"en-US\" dir=\"ltr\" data-wpcf7-id=\"1521\">\n<div class=\"screen-reader-response\"><p role=\"status\" aria-live=\"polite\" aria-atomic=\"true\"><\/p> <ul><\/ul><\/div>\n<form action=\"\/index.php\/wp-json\/wp\/v2\/pages\/267#wpcf7-f1521-o1\" method=\"post\" class=\"wpcf7-form init\" aria-label=\"Contact form\" novalidate=\"novalidate\" data-status=\"init\">\n<fieldset class=\"hidden-fields-container\"><input type=\"hidden\" name=\"_wpcf7\" value=\"1521\" \/><input type=\"hidden\" name=\"_wpcf7_version\" value=\"6.1.4\" \/><input type=\"hidden\" name=\"_wpcf7_locale\" value=\"en_US\" \/><input type=\"hidden\" name=\"_wpcf7_unit_tag\" value=\"wpcf7-f1521-o1\" \/><input type=\"hidden\" name=\"_wpcf7_container_post\" value=\"0\" \/><input type=\"hidden\" name=\"_wpcf7_posted_data_hash\" value=\"\" \/>\n<\/fieldset>\n<p><label> Vos nom et pr\u00e9nom * :<br \/>\n<span class=\"wpcf7-form-control-wrap\" data-name=\"your-name\"><input size=\"40\" maxlength=\"400\" class=\"wpcf7-form-control wpcf7-text wpcf7-validates-as-required\" autocomplete=\"name\" aria-required=\"true\" aria-invalid=\"false\" value=\"\" type=\"text\" name=\"your-name\" \/><\/span> <\/label>\n<\/p>\n<p><label> votre email * :<br \/>\n<span class=\"wpcf7-form-control-wrap\" data-name=\"your-email\"><input size=\"40\" maxlength=\"400\" class=\"wpcf7-form-control wpcf7-email wpcf7-validates-as-required wpcf7-text wpcf7-validates-as-email\" autocomplete=\"email\" aria-required=\"true\" aria-invalid=\"false\" value=\"\" type=\"email\" name=\"your-email\" \/><\/span> <\/label>\n<\/p>\n<p><label> Objet * :<br \/>\n<span class=\"wpcf7-form-control-wrap\" data-name=\"your-subject\"><input size=\"40\" maxlength=\"400\" class=\"wpcf7-form-control wpcf7-text wpcf7-validates-as-required\" aria-required=\"true\" aria-invalid=\"false\" value=\"\" type=\"text\" name=\"your-subject\" \/><\/span> <\/label>\n<\/p>\n<p><label> Votre message * :<br \/>\n<span class=\"wpcf7-form-control-wrap\" data-name=\"your-message\"><textarea cols=\"40\" rows=\"10\" maxlength=\"2000\" class=\"wpcf7-form-control wpcf7-textarea wpcf7-validates-as-required\" aria-required=\"true\" aria-invalid=\"false\" name=\"your-message\"><\/textarea><\/span> <\/label><br \/>\n<span class=\"wpcf7-form-control-wrap\" data-name=\"checkbox-748\"><span class=\"wpcf7-form-control wpcf7-checkbox wpcf7-validates-as-required\"><span class=\"wpcf7-list-item first last\"><label><input type=\"checkbox\" name=\"checkbox-748[]\" value=\"En envoyant ce formulaire, j\u2019accepte que mes donn\u00e9es personnelles soient utilis\u00e9es pour mener \u00e0 bien ma demande.\" \/><span class=\"wpcf7-list-item-label\">En envoyant ce formulaire, j\u2019accepte que mes donn\u00e9es personnelles soient utilis\u00e9es pour mener \u00e0 bien ma demande.<\/span><\/label><\/span><\/span><\/span><br \/>\n<input class=\"wpcf7-form-control wpcf7-submit has-spinner\" type=\"submit\" value=\"Envoyer\" \/>\n<\/p><div class=\"wpcf7-response-output\" aria-hidden=\"true\"><\/div>\n<\/form>\n<\/div>\n<\/div>\n\n\n\n<div style=\"height:36px\" aria-hidden=\"true\" class=\"wp-block-spacer\"><\/div>\n\n\n\n<p>Situation g\u00e9ographique :<\/p>\n\n\n\n<p><iframe loading=\"lazy\" src=\"https:\/\/www.google.fr\/maps?f=q&amp;source=s_q&amp;hl=fr&amp;geocode=&amp;q=plechatel&amp;aq=&amp;sll=47.975672,-1.685805&amp;sspn=0.750193,1.764679&amp;g=place+de+la+mairie+plechatel&amp;ie=UTF8&amp;hq=&amp;hnear=Pl%C3%A9ch%C3%A2tel,+Ille-et-Vilaine,+Bretagne&amp;ll=47.895742,-1.750908&amp;spn=0.75046,1.764679&amp;t=m&amp;z=10&amp;output=embed\" width=\"425\" height=\"350\" frameborder=\"0\" marginwidth=\"0\" marginheight=\"0\" scrolling=\"no\"><\/iframe><br><small><a style=\"color: #0000ff; text-align: left;\" href=\"https:\/\/www.google.fr\/maps?f=q&amp;source=embed&amp;hl=fr&amp;geocode=&amp;q=plechatel&amp;aq=&amp;sll=47.975672,-1.685805&amp;sspn=0.750193,1.764679&amp;g=place+de+la+mairie+plechatel&amp;ie=UTF8&amp;hq=&amp;hnear=Pl%C3%A9ch%C3%A2tel,+Ille-et-Vilaine,+Bretagne&amp;ll=47.895742,-1.750908&amp;spn=0.75046,1.764679&amp;t=m&amp;z=10\">Agrandir le plan<\/a><\/small><\/p>\n","protected":false},"excerpt":{"rendered":"<p>adresse postale : Moto Club de Pl\u00e9chatel 9 All\u00e9e du patio des ch\u00eanes 35131 PONT PEAN Formulaire de contact : [&hellip;]<\/p>\n","protected":false},"author":3,"featured_media":0,"parent":0,"menu_order":7,"comment_status":"closed","ping_status":"closed","template":"","meta":{"site-sidebar-layout":"default","site-content-layout":"","ast-site-content-layout":"default","site-content-style":"default","site-sidebar-style":"default","ast-global-header-display":"","ast-banner-title-visibility":"","ast-main-header-display":"","ast-hfb-above-header-display":"","ast-hfb-below-header-display":"","ast-hfb-mobile-header-display":"","site-post-title":"disabled","ast-breadcrumbs-content":"","ast-featured-img":"","footer-sml-layout":"","ast-disable-related-posts":"","theme-transparent-header-meta":"","adv-header-id-meta":"","stick-header-meta":"","header-above-stick-meta":"","header-main-stick-meta":"","header-below-stick-meta":"","astra-migrate-meta-layouts":"default","ast-page-background-enabled":"default","ast-page-background-meta":{"desktop":{"background-color":"var(--ast-global-color-4)","background-image":"","background-repeat":"repeat","background-position":"center center","background-size":"auto","background-attachment":"scroll","background-type":"","background-media":"","overlay-type":"","overlay-color":"","overlay-opacity":"","overlay-gradient":""},"tablet":{"background-color":"","background-image":"","background-repeat":"repeat","background-position":"center center","background-size":"auto","background-attachment":"scroll","background-type":"","background-media":"","overlay-type":"","overlay-color":"","overlay-opacity":"","overlay-gradient":""},"mobile":{"background-color":"","background-image":"","background-repeat":"repeat","background-position":"center center","background-size":"auto","background-attachment":"scroll","background-type":"","background-media":"","overlay-type":"","overlay-color":"","overlay-opacity":"","overlay-gradient":""}},"ast-content-background-meta":{"desktop":{"background-color":"var(--ast-global-color-5)","background-image":"","background-repeat":"repeat","background-position":"center center","background-size":"auto","background-attachment":"scroll","background-type":"","background-media":"","overlay-type":"","overlay-color":"","overlay-opacity":"","overlay-gradient":""},"tablet":{"background-color":"var(--ast-global-color-5)","background-image":"","background-repeat":"repeat","background-position":"center center","background-size":"auto","background-attachment":"scroll","background-type":"","background-media":"","overlay-type":"","overlay-color":"","overlay-opacity":"","overlay-gradient":""},"mobile":{"background-color":"var(--ast-global-color-5)","background-image":"","background-repeat":"repeat","background-position":"center center","background-size":"auto","background-attachment":"scroll","background-type":"","background-media":"","overlay-type":"","overlay-color":"","overlay-opacity":"","overlay-gradient":""}},"footnotes":""},"class_list":["post-267","page","type-page","status-publish","hentry"],"_links":{"self":[{"href":"https:\/\/motoclubplechatel.fr\/index.php\/wp-json\/wp\/v2\/pages\/267","targetHints":{"allow":["GET"]}}],"collection":[{"href":"https:\/\/motoclubplechatel.fr\/index.php\/wp-json\/wp\/v2\/pages"}],"about":[{"href":"https:\/\/motoclubplechatel.fr\/index.php\/wp-json\/wp\/v2\/types\/page"}],"author":[{"embeddable":true,"href":"https:\/\/motoclubplechatel.fr\/index.php\/wp-json\/wp\/v2\/users\/3"}],"replies":[{"embeddable":true,"href":"https:\/\/motoclubplechatel.fr\/index.php\/wp-json\/wp\/v2\/comments?post=267"}],"version-history":[{"count":7,"href":"https:\/\/motoclubplechatel.fr\/index.php\/wp-json\/wp\/v2\/pages\/267\/revisions"}],"predecessor-version":[{"id":1525,"href":"https:\/\/motoclubplechatel.fr\/index.php\/wp-json\/wp\/v2\/pages\/267\/revisions\/1525"}],"wp:attachment":[{"href":"https:\/\/motoclubplechatel.fr\/index.php\/wp-json\/wp\/v2\/media?parent=267"}],"curies":[{"name":"wp","href":"https:\/\/api.w.org\/{rel}","templated":true}]}}