{"id":225,"date":"2014-01-06T14:03:07","date_gmt":"2014-01-06T14:03:07","guid":{"rendered":"http:\/\/motoclubplechatel.free.fr\/?page_id=225"},"modified":"2025-01-20T18:59:46","modified_gmt":"2025-01-20T17:59:46","slug":"organigramme","status":"publish","type":"page","link":"https:\/\/motoclubplechatel.fr\/index.php\/presentation\/organigramme\/","title":{"rendered":"Conseil d&rsquo;administration"},"content":{"rendered":"\n<div style=\"height:50px\" aria-hidden=\"true\" class=\"wp-block-spacer\"><\/div>\n\n\n\n<p class=\"has-large-font-size\"><strong>Les membres du bureau<\/strong><\/p>\n\n\n\n<div class=\"wp-block-columns is-layout-flex wp-container-core-columns-is-layout-28f84493 wp-block-columns-is-layout-flex\">\n<div class=\"wp-block-column is-layout-flow wp-block-column-is-layout-flow\">\n<p class=\"has-text-align-center\"><strong>Pr\u00e9sident <\/strong><br>Philippe HUARD<\/p>\n\n\n\n<figure class=\"wp-block-image aligncenter size-full is-resized\"><img loading=\"lazy\" decoding=\"async\" width=\"266\" height=\"427\" src=\"http:\/\/motoclubplechatel.fr\/wp-content\/uploads\/2024\/02\/PhilippeBuste.jpg\" alt=\"\" class=\"wp-image-1385\" style=\"width:181px;height:auto\" srcset=\"https:\/\/motoclubplechatel.fr\/wp-content\/uploads\/2024\/02\/PhilippeBuste.jpg 266w, https:\/\/motoclubplechatel.fr\/wp-content\/uploads\/2024\/02\/PhilippeBuste-187x300.jpg 187w\" sizes=\"auto, (max-width: 266px) 100vw, 266px\" \/><\/figure>\n<\/div>\n\n\n\n<div class=\"wp-block-column is-layout-flow wp-block-column-is-layout-flow\">\n<p class=\"has-text-align-center\"><strong>Vice Pr\u00e9sident<br><\/strong>Michel TOURNEUR<\/p>\n\n\n\n<figure class=\"wp-block-image aligncenter size-full is-resized\"><img loading=\"lazy\" decoding=\"async\" width=\"266\" height=\"427\" src=\"http:\/\/motoclubplechatel.fr\/wp-content\/uploads\/2024\/02\/MichelBuste.jpg\" alt=\"\" class=\"wp-image-1386\" style=\"width:182px;height:auto\" srcset=\"https:\/\/motoclubplechatel.fr\/wp-content\/uploads\/2024\/02\/MichelBuste.jpg 266w, https:\/\/motoclubplechatel.fr\/wp-content\/uploads\/2024\/02\/MichelBuste-187x300.jpg 187w\" sizes=\"auto, (max-width: 266px) 100vw, 266px\" \/><\/figure>\n<\/div>\n\n\n\n<div class=\"wp-block-column is-layout-flow wp-block-column-is-layout-flow\">\n<p class=\"has-text-align-center\"><strong>Section<\/strong> <strong>Enduro <br><\/strong>Ludovic BOUGIARD<\/p>\n\n\n\n<figure class=\"wp-block-image aligncenter size-full is-resized\"><img loading=\"lazy\" decoding=\"async\" width=\"266\" height=\"427\" src=\"http:\/\/motoclubplechatel.fr\/wp-content\/uploads\/2024\/02\/LudoBuste.jpg\" alt=\"\" class=\"wp-image-1392\" style=\"width:183px;height:auto\" srcset=\"https:\/\/motoclubplechatel.fr\/wp-content\/uploads\/2024\/02\/LudoBuste.jpg 266w, https:\/\/motoclubplechatel.fr\/wp-content\/uploads\/2024\/02\/LudoBuste-187x300.jpg 187w\" sizes=\"auto, (max-width: 266px) 100vw, 266px\" \/><\/figure>\n<\/div>\n\n\n\n<div class=\"wp-block-column is-layout-flow wp-block-column-is-layout-flow\">\n<p class=\"has-text-align-center\"><strong>Section <\/strong><strong>Trial <\/strong><br>Jean Marc MOREL<\/p>\n\n\n\n<figure class=\"wp-block-image aligncenter size-full is-resized\"><img loading=\"lazy\" decoding=\"async\" width=\"266\" height=\"425\" src=\"https:\/\/motoclubplechatel.fr\/wp-content\/uploads\/2025\/01\/JeanMarcBuste.jpg\" alt=\"\" class=\"wp-image-1679\" style=\"width:184px;height:auto\" srcset=\"https:\/\/motoclubplechatel.fr\/wp-content\/uploads\/2025\/01\/JeanMarcBuste.jpg 266w, https:\/\/motoclubplechatel.fr\/wp-content\/uploads\/2025\/01\/JeanMarcBuste-188x300.jpg 188w\" sizes=\"auto, (max-width: 266px) 100vw, 266px\" \/><\/figure>\n<\/div>\n\n\n\n<div class=\"wp-block-column is-layout-flow wp-block-column-is-layout-flow\">\n<p class=\"has-text-align-center\"><strong>Tr\u00e9sorier<\/strong><br>Bernard DENIS<\/p>\n\n\n\n<figure class=\"wp-block-image aligncenter size-full is-resized\"><img loading=\"lazy\" decoding=\"async\" width=\"266\" height=\"427\" src=\"http:\/\/motoclubplechatel.fr\/wp-content\/uploads\/2024\/02\/BernardBuste.jpg\" alt=\"\" class=\"wp-image-1384\" style=\"width:184px;height:auto\" srcset=\"https:\/\/motoclubplechatel.fr\/wp-content\/uploads\/2024\/02\/BernardBuste.jpg 266w, https:\/\/motoclubplechatel.fr\/wp-content\/uploads\/2024\/02\/BernardBuste-187x300.jpg 187w\" sizes=\"auto, (max-width: 266px) 100vw, 266px\" \/><\/figure>\n<\/div>\n<\/div>\n\n\n\n<div class=\"wp-block-columns is-layout-flex wp-container-core-columns-is-layout-28f84493 wp-block-columns-is-layout-flex\">\n<div class=\"wp-block-column is-layout-flow wp-block-column-is-layout-flow\">\n<p class=\"has-text-align-center\"><strong>Secr\u00e9taire<\/strong><br>Yoann TOURNEUR<\/p>\n\n\n\n<figure class=\"wp-block-image aligncenter size-full is-resized\"><img loading=\"lazy\" decoding=\"async\" width=\"266\" height=\"426\" src=\"https:\/\/motoclubplechatel.fr\/wp-content\/uploads\/2025\/01\/Yoann3Buste.jpg\" alt=\"\" class=\"wp-image-1677\" style=\"width:181px;height:auto\" srcset=\"https:\/\/motoclubplechatel.fr\/wp-content\/uploads\/2025\/01\/Yoann3Buste.jpg 266w, https:\/\/motoclubplechatel.fr\/wp-content\/uploads\/2025\/01\/Yoann3Buste-187x300.jpg 187w\" sizes=\"auto, (max-width: 266px) 100vw, 266px\" \/><\/figure>\n<\/div>\n\n\n\n<div class=\"wp-block-column is-layout-flow wp-block-column-is-layout-flow\">\n<p class=\"has-text-align-center\"><strong>Vice Secr\u00e9taire<\/strong><br>Chrystal TRIGUEL<\/p>\n\n\n\n<figure class=\"wp-block-image aligncenter size-full is-resized\"><img loading=\"lazy\" decoding=\"async\" width=\"266\" height=\"427\" src=\"https:\/\/motoclubplechatel.fr\/wp-content\/uploads\/2025\/01\/JeanineBuste-2.jpg\" alt=\"\" class=\"wp-image-1681\" style=\"width:182px;height:auto\" srcset=\"https:\/\/motoclubplechatel.fr\/wp-content\/uploads\/2025\/01\/JeanineBuste-2.jpg 266w, https:\/\/motoclubplechatel.fr\/wp-content\/uploads\/2025\/01\/JeanineBuste-2-187x300.jpg 187w\" sizes=\"auto, (max-width: 266px) 100vw, 266px\" \/><\/figure>\n<\/div>\n<\/div>\n\n\n\n<div style=\"height:30px\" aria-hidden=\"true\" class=\"wp-block-spacer\"><\/div>\n\n\n\n<p class=\"has-text-align-left has-large-font-size\"><strong>Les autres membres du conseil d&rsquo;administration<\/strong><\/p>\n\n\n\n<div class=\"wp-block-columns is-layout-flex wp-container-core-columns-is-layout-28f84493 wp-block-columns-is-layout-flex\">\n<div class=\"wp-block-column is-layout-flow wp-block-column-is-layout-flow\">\n<p class=\"has-text-align-center\">Alain HAMEL<\/p>\n\n\n\n<figure class=\"wp-block-image aligncenter size-full is-resized\"><img loading=\"lazy\" decoding=\"async\" width=\"266\" height=\"427\" src=\"http:\/\/motoclubplechatel.fr\/wp-content\/uploads\/2024\/02\/AlainBuste1.jpg\" alt=\"\" class=\"wp-image-1401\" style=\"width:181px;height:auto\" srcset=\"https:\/\/motoclubplechatel.fr\/wp-content\/uploads\/2024\/02\/AlainBuste1.jpg 266w, https:\/\/motoclubplechatel.fr\/wp-content\/uploads\/2024\/02\/AlainBuste1-187x300.jpg 187w\" sizes=\"auto, (max-width: 266px) 100vw, 266px\" \/><\/figure>\n<\/div>\n\n\n\n<div class=\"wp-block-column is-layout-flow wp-block-column-is-layout-flow\">\n<p class=\"has-text-align-center\">Herv\u00e9 HUARD<\/p>\n\n\n\n<figure class=\"wp-block-image aligncenter size-full is-resized\"><img loading=\"lazy\" decoding=\"async\" width=\"266\" height=\"427\" src=\"http:\/\/motoclubplechatel.fr\/wp-content\/uploads\/2024\/02\/HerveBuste.jpg\" alt=\"\" class=\"wp-image-1390\" style=\"width:182px;height:auto\" srcset=\"https:\/\/motoclubplechatel.fr\/wp-content\/uploads\/2024\/02\/HerveBuste.jpg 266w, https:\/\/motoclubplechatel.fr\/wp-content\/uploads\/2024\/02\/HerveBuste-187x300.jpg 187w\" sizes=\"auto, (max-width: 266px) 100vw, 266px\" \/><\/figure>\n<\/div>\n<\/div>\n\n\n\n<div class=\"wp-block-columns is-layout-flex wp-container-core-columns-is-layout-28f84493 wp-block-columns-is-layout-flex\">\n<div class=\"wp-block-column is-layout-flow wp-block-column-is-layout-flow\">\n<p class=\"has-text-align-right\">Page mise \u00e0 jour le <\/p>\n<\/div>\n\n\n\n<div class=\"wp-block-column is-layout-flow wp-block-column-is-layout-flow\"><div class=\"wp-block-post-date__modified-date wp-block-post-date\"><time datetime=\"2025-01-20T18:59:46+01:00\">20 janvier 2025<\/time><\/div><\/div>\n<\/div>\n","protected":false},"excerpt":{"rendered":"<p>Les membres du bureau Pr\u00e9sident Philippe HUARD Vice Pr\u00e9sidentMichel TOURNEUR Section Enduro Ludovic BOUGIARD Section Trial Jean Marc MOREL Tr\u00e9sorierBernard [&hellip;]<\/p>\n","protected":false},"author":3,"featured_media":0,"parent":209,"menu_order":2,"comment_status":"closed","ping_status":"closed","template":"","meta":{"site-sidebar-layout":"default","site-content-layout":"","ast-site-content-layout":"default","site-content-style":"default","site-sidebar-style":"default","ast-global-header-display":"","ast-banner-title-visibility":"","ast-main-header-display":"","ast-hfb-above-header-display":"","ast-hfb-below-header-display":"","ast-hfb-mobile-header-display":"","site-post-title":"disabled","ast-breadcrumbs-content":"","ast-featured-img":"","footer-sml-layout":"","ast-disable-related-posts":"","theme-transparent-header-meta":"","adv-header-id-meta":"","stick-header-meta":"","header-above-stick-meta":"","header-main-stick-meta":"","header-below-stick-meta":"","astra-migrate-meta-layouts":"default","ast-page-background-enabled":"default","ast-page-background-meta":{"desktop":{"background-color":"var(--ast-global-color-4)","background-image":"","background-repeat":"repeat","background-position":"center center","background-size":"auto","background-attachment":"scroll","background-type":"","background-media":"","overlay-type":"","overlay-color":"","overlay-opacity":"","overlay-gradient":""},"tablet":{"background-color":"","background-image":"","background-repeat":"repeat","background-position":"center center","background-size":"auto","background-attachment":"scroll","background-type":"","background-media":"","overlay-type":"","overlay-color":"","overlay-opacity":"","overlay-gradient":""},"mobile":{"background-color":"","background-image":"","background-repeat":"repeat","background-position":"center center","background-size":"auto","background-attachment":"scroll","background-type":"","background-media":"","overlay-type":"","overlay-color":"","overlay-opacity":"","overlay-gradient":""}},"ast-content-background-meta":{"desktop":{"background-color":"var(--ast-global-color-5)","background-image":"","background-repeat":"repeat","background-position":"center center","background-size":"auto","background-attachment":"scroll","background-type":"","background-media":"","overlay-type":"","overlay-color":"","overlay-opacity":"","overlay-gradient":""},"tablet":{"background-color":"var(--ast-global-color-5)","background-image":"","background-repeat":"repeat","background-position":"center center","background-size":"auto","background-attachment":"scroll","background-type":"","background-media":"","overlay-type":"","overlay-color":"","overlay-opacity":"","overlay-gradient":""},"mobile":{"background-color":"var(--ast-global-color-5)","background-image":"","background-repeat":"repeat","background-position":"center center","background-size":"auto","background-attachment":"scroll","background-type":"","background-media":"","overlay-type":"","overlay-color":"","overlay-opacity":"","overlay-gradient":""}},"footnotes":""},"class_list":["post-225","page","type-page","status-publish","hentry"],"_links":{"self":[{"href":"https:\/\/motoclubplechatel.fr\/index.php\/wp-json\/wp\/v2\/pages\/225","targetHints":{"allow":["GET"]}}],"collection":[{"href":"https:\/\/motoclubplechatel.fr\/index.php\/wp-json\/wp\/v2\/pages"}],"about":[{"href":"https:\/\/motoclubplechatel.fr\/index.php\/wp-json\/wp\/v2\/types\/page"}],"author":[{"embeddable":true,"href":"https:\/\/motoclubplechatel.fr\/index.php\/wp-json\/wp\/v2\/users\/3"}],"replies":[{"embeddable":true,"href":"https:\/\/motoclubplechatel.fr\/index.php\/wp-json\/wp\/v2\/comments?post=225"}],"version-history":[{"count":47,"href":"https:\/\/motoclubplechatel.fr\/index.php\/wp-json\/wp\/v2\/pages\/225\/revisions"}],"predecessor-version":[{"id":1706,"href":"https:\/\/motoclubplechatel.fr\/index.php\/wp-json\/wp\/v2\/pages\/225\/revisions\/1706"}],"up":[{"embeddable":true,"href":"https:\/\/motoclubplechatel.fr\/index.php\/wp-json\/wp\/v2\/pages\/209"}],"wp:attachment":[{"href":"https:\/\/motoclubplechatel.fr\/index.php\/wp-json\/wp\/v2\/media?parent=225"}],"curies":[{"name":"wp","href":"https:\/\/api.w.org\/{rel}","templated":true}]}}