{"id":211,"date":"2014-01-06T14:02:11","date_gmt":"2014-01-06T14:02:11","guid":{"rendered":"http:\/\/motoclubplechatel.free.fr\/?page_id=211"},"modified":"2024-02-07T21:56:42","modified_gmt":"2024-02-07T20:56:42","slug":"historique","status":"publish","type":"page","link":"https:\/\/motoclubplechatel.fr\/index.php\/presentation\/historique\/","title":{"rendered":"Historique"},"content":{"rendered":"<p>C\u2019est fin 1989, sous l\u2019impulsion de Michel VIGNON et quelques amis, que\u00a0<strong><em>Le Moto Club Pl\u00e9ch\u00e2tel<\/em><\/strong>\u00a0a \u00e9t\u00e9 cr\u00e9\u00e9 .L\u2019activit\u00e9 principale de cette association est tourn\u00e9e vers le tout terrain, avec notamment l\u2019organisation de trial. Mais nous avons aussi organis\u00e9 trois enduros, une endurance, ainsi que sept \u00ab festivals de moto ancienne \u00bb. En 1996, dans un but p\u00e9dagogique et avec le soutien de la municipalit\u00e9, nous avons entrepris d&rsquo;organiser une journ\u00e9e \u00ab\u00a0d&rsquo;initiation moto\u00a0\u00bb dans les classes CM1-CM2 des \u00e9coles de la commune. Depuis 2011 un d\u00e9but d\u2019activit\u00e9 moto \u00ab routi\u00e8re \u00bb a vu le jour, avec notamment l\u2019organisation d\u2019une balade sur un ou deux jours.<\/p>\n","protected":false},"excerpt":{"rendered":"<p>C\u2019est fin 1989, sous l\u2019impulsion de Michel VIGNON et quelques amis, que\u00a0Le Moto Club Pl\u00e9ch\u00e2tel\u00a0a \u00e9t\u00e9 cr\u00e9\u00e9 .L\u2019activit\u00e9 principale de [&hellip;]<\/p>\n","protected":false},"author":3,"featured_media":0,"parent":209,"menu_order":0,"comment_status":"closed","ping_status":"closed","template":"","meta":{"site-sidebar-layout":"default","site-content-layout":"","ast-site-content-layout":"default","site-content-style":"default","site-sidebar-style":"default","ast-global-header-display":"","ast-banner-title-visibility":"","ast-main-header-display":"","ast-hfb-above-header-display":"","ast-hfb-below-header-display":"","ast-hfb-mobile-header-display":"","site-post-title":"","ast-breadcrumbs-content":"","ast-featured-img":"","footer-sml-layout":"","ast-disable-related-posts":"","theme-transparent-header-meta":"","adv-header-id-meta":"","stick-header-meta":"","header-above-stick-meta":"","header-main-stick-meta":"","header-below-stick-meta":"","astra-migrate-meta-layouts":"default","ast-page-background-enabled":"default","ast-page-background-meta":{"desktop":{"background-color":"var(--ast-global-color-4)","background-image":"","background-repeat":"repeat","background-position":"center center","background-size":"auto","background-attachment":"scroll","background-type":"","background-media":"","overlay-type":"","overlay-color":"","overlay-opacity":"","overlay-gradient":""},"tablet":{"background-color":"","background-image":"","background-repeat":"repeat","background-position":"center center","background-size":"auto","background-attachment":"scroll","background-type":"","background-media":"","overlay-type":"","overlay-color":"","overlay-opacity":"","overlay-gradient":""},"mobile":{"background-color":"","background-image":"","background-repeat":"repeat","background-position":"center center","background-size":"auto","background-attachment":"scroll","background-type":"","background-media":"","overlay-type":"","overlay-color":"","overlay-opacity":"","overlay-gradient":""}},"ast-content-background-meta":{"desktop":{"background-color":"var(--ast-global-color-5)","background-image":"","background-repeat":"repeat","background-position":"center center","background-size":"auto","background-attachment":"scroll","background-type":"","background-media":"","overlay-type":"","overlay-color":"","overlay-opacity":"","overlay-gradient":""},"tablet":{"background-color":"var(--ast-global-color-5)","background-image":"","background-repeat":"repeat","background-position":"center center","background-size":"auto","background-attachment":"scroll","background-type":"","background-media":"","overlay-type":"","overlay-color":"","overlay-opacity":"","overlay-gradient":""},"mobile":{"background-color":"var(--ast-global-color-5)","background-image":"","background-repeat":"repeat","background-position":"center center","background-size":"auto","background-attachment":"scroll","background-type":"","background-media":"","overlay-type":"","overlay-color":"","overlay-opacity":"","overlay-gradient":""}},"footnotes":""},"class_list":["post-211","page","type-page","status-publish","hentry"],"_links":{"self":[{"href":"https:\/\/motoclubplechatel.fr\/index.php\/wp-json\/wp\/v2\/pages\/211","targetHints":{"allow":["GET"]}}],"collection":[{"href":"https:\/\/motoclubplechatel.fr\/index.php\/wp-json\/wp\/v2\/pages"}],"about":[{"href":"https:\/\/motoclubplechatel.fr\/index.php\/wp-json\/wp\/v2\/types\/page"}],"author":[{"embeddable":true,"href":"https:\/\/motoclubplechatel.fr\/index.php\/wp-json\/wp\/v2\/users\/3"}],"replies":[{"embeddable":true,"href":"https:\/\/motoclubplechatel.fr\/index.php\/wp-json\/wp\/v2\/comments?post=211"}],"version-history":[{"count":1,"href":"https:\/\/motoclubplechatel.fr\/index.php\/wp-json\/wp\/v2\/pages\/211\/revisions"}],"predecessor-version":[{"id":1202,"href":"https:\/\/motoclubplechatel.fr\/index.php\/wp-json\/wp\/v2\/pages\/211\/revisions\/1202"}],"up":[{"embeddable":true,"href":"https:\/\/motoclubplechatel.fr\/index.php\/wp-json\/wp\/v2\/pages\/209"}],"wp:attachment":[{"href":"https:\/\/motoclubplechatel.fr\/index.php\/wp-json\/wp\/v2\/media?parent=211"}],"curies":[{"name":"wp","href":"https:\/\/api.w.org\/{rel}","templated":true}]}}