{"id":1729,"date":"2025-06-22T21:51:24","date_gmt":"2025-06-22T19:51:24","guid":{"rendered":"https:\/\/motoclubplechatel.fr\/?page_id=1729"},"modified":"2025-06-22T21:51:24","modified_gmt":"2025-06-22T19:51:24","slug":"2025-moulins-le-carbonnel","status":"publish","type":"page","link":"https:\/\/motoclubplechatel.fr\/index.php\/2025-moulins-le-carbonnel\/","title":{"rendered":"2025-Moulins-le-Carbonnel"},"content":{"rendered":"\n<p>La destination de 2025 \u00e9tait Moulins-le-Carbonnel (72130) dans les alpes Mancelles.<br>Comme depuis de nombreuses ann\u00e9es cette sortie s&rsquo;est d\u00e9roul\u00e9e le week end du jeudi de l&rsquo;ascension, les 29,30,31 mai et 1er juin.<\/p>\n\n\n\n<figure class=\"wp-block-image aligncenter size-full is-resized\"><a href=\"https:\/\/photos.app.goo.gl\/BLtdswREcTs1mwc56\" target=\"_blank\" rel=\"noreferrer noopener\"><img loading=\"lazy\" decoding=\"async\" width=\"2560\" height=\"1920\" src=\"https:\/\/motoclubplechatel.fr\/wp-content\/uploads\/2025\/06\/2025_Moulins-le-Carbonnel-scaled.jpg\" alt=\"\" class=\"wp-image-1731\" style=\"width:440px;height:auto\" srcset=\"https:\/\/motoclubplechatel.fr\/wp-content\/uploads\/2025\/06\/2025_Moulins-le-Carbonnel-scaled.jpg 2560w, https:\/\/motoclubplechatel.fr\/wp-content\/uploads\/2025\/06\/2025_Moulins-le-Carbonnel-300x225.jpg 300w, https:\/\/motoclubplechatel.fr\/wp-content\/uploads\/2025\/06\/2025_Moulins-le-Carbonnel-1024x768.jpg 1024w, https:\/\/motoclubplechatel.fr\/wp-content\/uploads\/2025\/06\/2025_Moulins-le-Carbonnel-768x576.jpg 768w, https:\/\/motoclubplechatel.fr\/wp-content\/uploads\/2025\/06\/2025_Moulins-le-Carbonnel-1536x1152.jpg 1536w, https:\/\/motoclubplechatel.fr\/wp-content\/uploads\/2025\/06\/2025_Moulins-le-Carbonnel-2048x1536.jpg 2048w\" sizes=\"auto, (max-width: 2560px) 100vw, 2560px\" \/><\/a><\/figure>\n\n\n\n<p><\/p>\n\n\n\n<p><\/p>\n","protected":false},"excerpt":{"rendered":"<p>La destination de 2025 \u00e9tait Moulins-le-Carbonnel (72130) dans les alpes Mancelles.Comme depuis de nombreuses ann\u00e9es cette sortie s&rsquo;est d\u00e9roul\u00e9e le [&hellip;]<\/p>\n","protected":false},"author":3,"featured_media":0,"parent":0,"menu_order":0,"comment_status":"closed","ping_status":"closed","template":"","meta":{"site-sidebar-layout":"default","site-content-layout":"","ast-site-content-layout":"default","site-content-style":"default","site-sidebar-style":"default","ast-global-header-display":"","ast-banner-title-visibility":"","ast-main-header-display":"","ast-hfb-above-header-display":"","ast-hfb-below-header-display":"","ast-hfb-mobile-header-display":"","site-post-title":"","ast-breadcrumbs-content":"","ast-featured-img":"","footer-sml-layout":"","ast-disable-related-posts":"","theme-transparent-header-meta":"","adv-header-id-meta":"","stick-header-meta":"","header-above-stick-meta":"","header-main-stick-meta":"","header-below-stick-meta":"","astra-migrate-meta-layouts":"default","ast-page-background-enabled":"default","ast-page-background-meta":{"desktop":{"background-color":"var(--ast-global-color-4)","background-image":"","background-repeat":"repeat","background-position":"center center","background-size":"auto","background-attachment":"scroll","background-type":"","background-media":"","overlay-type":"","overlay-color":"","overlay-opacity":"","overlay-gradient":""},"tablet":{"background-color":"","background-image":"","background-repeat":"repeat","background-position":"center center","background-size":"auto","background-attachment":"scroll","background-type":"","background-media":"","overlay-type":"","overlay-color":"","overlay-opacity":"","overlay-gradient":""},"mobile":{"background-color":"","background-image":"","background-repeat":"repeat","background-position":"center center","background-size":"auto","background-attachment":"scroll","background-type":"","background-media":"","overlay-type":"","overlay-color":"","overlay-opacity":"","overlay-gradient":""}},"ast-content-background-meta":{"desktop":{"background-color":"var(--ast-global-color-5)","background-image":"","background-repeat":"repeat","background-position":"center center","background-size":"auto","background-attachment":"scroll","background-type":"","background-media":"","overlay-type":"","overlay-color":"","overlay-opacity":"","overlay-gradient":""},"tablet":{"background-color":"var(--ast-global-color-5)","background-image":"","background-repeat":"repeat","background-position":"center center","background-size":"auto","background-attachment":"scroll","background-type":"","background-media":"","overlay-type":"","overlay-color":"","overlay-opacity":"","overlay-gradient":""},"mobile":{"background-color":"var(--ast-global-color-5)","background-image":"","background-repeat":"repeat","background-position":"center center","background-size":"auto","background-attachment":"scroll","background-type":"","background-media":"","overlay-type":"","overlay-color":"","overlay-opacity":"","overlay-gradient":""}},"footnotes":""},"class_list":["post-1729","page","type-page","status-publish","hentry"],"_links":{"self":[{"href":"https:\/\/motoclubplechatel.fr\/index.php\/wp-json\/wp\/v2\/pages\/1729","targetHints":{"allow":["GET"]}}],"collection":[{"href":"https:\/\/motoclubplechatel.fr\/index.php\/wp-json\/wp\/v2\/pages"}],"about":[{"href":"https:\/\/motoclubplechatel.fr\/index.php\/wp-json\/wp\/v2\/types\/page"}],"author":[{"embeddable":true,"href":"https:\/\/motoclubplechatel.fr\/index.php\/wp-json\/wp\/v2\/users\/3"}],"replies":[{"embeddable":true,"href":"https:\/\/motoclubplechatel.fr\/index.php\/wp-json\/wp\/v2\/comments?post=1729"}],"version-history":[{"count":1,"href":"https:\/\/motoclubplechatel.fr\/index.php\/wp-json\/wp\/v2\/pages\/1729\/revisions"}],"predecessor-version":[{"id":1732,"href":"https:\/\/motoclubplechatel.fr\/index.php\/wp-json\/wp\/v2\/pages\/1729\/revisions\/1732"}],"wp:attachment":[{"href":"https:\/\/motoclubplechatel.fr\/index.php\/wp-json\/wp\/v2\/media?parent=1729"}],"curies":[{"name":"wp","href":"https:\/\/api.w.org\/{rel}","templated":true}]}}