{"id":1565,"date":"2024-10-13T22:00:19","date_gmt":"2024-10-13T20:00:19","guid":{"rendered":"https:\/\/motoclubplechatel.fr\/?page_id=1565"},"modified":"2024-11-02T14:06:07","modified_gmt":"2024-11-02T13:06:07","slug":"2024-2","status":"publish","type":"page","link":"https:\/\/motoclubplechatel.fr\/index.php\/challenge-club\/2024-2\/","title":{"rendered":"2024 Challenge Club"},"content":{"rendered":"\n<div style=\"height:30px\" aria-hidden=\"true\" class=\"wp-block-spacer\"><\/div>\n\n\n\n<p>C&rsquo;est le <strong>12 octobre 2024<\/strong> qu&rsquo;a eu lieu la seconde \u00e9dition du challenge Club du MC Pl\u00e9ch\u00e2tel.<br>Cette seconde \u00e9dition f\u00fbt \u00e0 la hauteur de la premi\u00e8re : une r\u00e9ussite pleine de bonne humeur et de rigolade.<\/p>\n\n\n\n<p>Quelques commentaires des participants : <br>\u00ab\u00a0<em>On a pu voir qu&rsquo;au club, en plus de la bonne humeur , il y avait de bons trialistes , de bons enduristes (au moins 1) et de bons photographes.<\/em>\u00a0\u00bb Didier.L<br>\u00ab\u00a0<em>Un grand merci pour cette belle journ\u00e9es. C&rsquo;\u00e9tait ma premi\u00e8re participation et j&rsquo;ai beaucoup aim\u00e9. Bravo \u00e0 toute l&rsquo;\u00e9quipe et aux photographes.<\/em>\u00a0\u00bb Didier.B<br>\u00ab\u00a0<em>Un grand merci aux photographes et \u00e0 la bonne humeur de tous.<\/em>\u00a0\u00bb Marie.B<br>\u00ab\u00a0<em>Un tr\u00e8s bon moment de plaisir et de rigolade. Un big up au staff organisation.<\/em>\u00a0\u00bb Eric.S<br>\u00ab\u00a0<em>Ce fut une belle journ\u00e9e conviviale.<\/em>\u00a0\u00bb Alain.H<br>\u00ab\u00a0<em>Encore merci pour cette chouette journ\u00e9e pass\u00e9e en votre compagnie. Un moment tr\u00e8s agr\u00e9able pour notre part.<\/em>\u00a0\u00bb Marie.B<\/p>\n\n\n\n<p>Retrouvez l&rsquo;ambiance de cette journ\u00e9e au travers des photos !! (Merci Ad\u00e8le, Herv\u00e9, et les autres)<br> Cliquez sur la photo ci dessous pour voir toutes les photos.<\/p>\n\n\n\n<figure class=\"wp-block-image aligncenter size-large is-resized\"><a href=\"https:\/\/photos.app.goo.gl\/mgJFsQEUeDzUmNZQ6\" target=\"_blank\" rel=\"noreferrer noopener\"><img loading=\"lazy\" decoding=\"async\" width=\"1024\" height=\"768\" src=\"http:\/\/motoclubplechatel.fr\/wp-content\/uploads\/2024\/10\/2024-Classement-ChalengeLight-1024x768.jpg\" alt=\"\" class=\"wp-image-1564\" style=\"width:677px;height:auto\" srcset=\"https:\/\/motoclubplechatel.fr\/wp-content\/uploads\/2024\/10\/2024-Classement-ChalengeLight-1024x768.jpg 1024w, https:\/\/motoclubplechatel.fr\/wp-content\/uploads\/2024\/10\/2024-Classement-ChalengeLight-300x225.jpg 300w, https:\/\/motoclubplechatel.fr\/wp-content\/uploads\/2024\/10\/2024-Classement-ChalengeLight-768x576.jpg 768w, https:\/\/motoclubplechatel.fr\/wp-content\/uploads\/2024\/10\/2024-Classement-ChalengeLight-1536x1152.jpg 1536w, https:\/\/motoclubplechatel.fr\/wp-content\/uploads\/2024\/10\/2024-Classement-ChalengeLight.jpg 1600w\" sizes=\"auto, (max-width: 1024px) 100vw, 1024px\" \/><\/a><\/figure>\n","protected":false},"excerpt":{"rendered":"<p>C&rsquo;est le 12 octobre 2024 qu&rsquo;a eu lieu la seconde \u00e9dition du challenge Club du MC Pl\u00e9ch\u00e2tel.Cette seconde \u00e9dition f\u00fbt [&hellip;]<\/p>\n","protected":false},"author":3,"featured_media":0,"parent":1124,"menu_order":0,"comment_status":"closed","ping_status":"closed","template":"","meta":{"site-sidebar-layout":"default","site-content-layout":"","ast-site-content-layout":"default","site-content-style":"default","site-sidebar-style":"default","ast-global-header-display":"","ast-banner-title-visibility":"","ast-main-header-display":"","ast-hfb-above-header-display":"","ast-hfb-below-header-display":"","ast-hfb-mobile-header-display":"","site-post-title":"disabled","ast-breadcrumbs-content":"","ast-featured-img":"","footer-sml-layout":"","ast-disable-related-posts":"","theme-transparent-header-meta":"","adv-header-id-meta":"","stick-header-meta":"","header-above-stick-meta":"","header-main-stick-meta":"","header-below-stick-meta":"","astra-migrate-meta-layouts":"default","ast-page-background-enabled":"default","ast-page-background-meta":{"desktop":{"background-color":"var(--ast-global-color-4)","background-image":"","background-repeat":"repeat","background-position":"center center","background-size":"auto","background-attachment":"scroll","background-type":"","background-media":"","overlay-type":"","overlay-color":"","overlay-opacity":"","overlay-gradient":""},"tablet":{"background-color":"","background-image":"","background-repeat":"repeat","background-position":"center center","background-size":"auto","background-attachment":"scroll","background-type":"","background-media":"","overlay-type":"","overlay-color":"","overlay-opacity":"","overlay-gradient":""},"mobile":{"background-color":"","background-image":"","background-repeat":"repeat","background-position":"center center","background-size":"auto","background-attachment":"scroll","background-type":"","background-media":"","overlay-type":"","overlay-color":"","overlay-opacity":"","overlay-gradient":""}},"ast-content-background-meta":{"desktop":{"background-color":"var(--ast-global-color-5)","background-image":"","background-repeat":"repeat","background-position":"center center","background-size":"auto","background-attachment":"scroll","background-type":"","background-media":"","overlay-type":"","overlay-color":"","overlay-opacity":"","overlay-gradient":""},"tablet":{"background-color":"var(--ast-global-color-5)","background-image":"","background-repeat":"repeat","background-position":"center center","background-size":"auto","background-attachment":"scroll","background-type":"","background-media":"","overlay-type":"","overlay-color":"","overlay-opacity":"","overlay-gradient":""},"mobile":{"background-color":"var(--ast-global-color-5)","background-image":"","background-repeat":"repeat","background-position":"center center","background-size":"auto","background-attachment":"scroll","background-type":"","background-media":"","overlay-type":"","overlay-color":"","overlay-opacity":"","overlay-gradient":""}},"footnotes":""},"class_list":["post-1565","page","type-page","status-publish","hentry"],"_links":{"self":[{"href":"https:\/\/motoclubplechatel.fr\/index.php\/wp-json\/wp\/v2\/pages\/1565","targetHints":{"allow":["GET"]}}],"collection":[{"href":"https:\/\/motoclubplechatel.fr\/index.php\/wp-json\/wp\/v2\/pages"}],"about":[{"href":"https:\/\/motoclubplechatel.fr\/index.php\/wp-json\/wp\/v2\/types\/page"}],"author":[{"embeddable":true,"href":"https:\/\/motoclubplechatel.fr\/index.php\/wp-json\/wp\/v2\/users\/3"}],"replies":[{"embeddable":true,"href":"https:\/\/motoclubplechatel.fr\/index.php\/wp-json\/wp\/v2\/comments?post=1565"}],"version-history":[{"count":10,"href":"https:\/\/motoclubplechatel.fr\/index.php\/wp-json\/wp\/v2\/pages\/1565\/revisions"}],"predecessor-version":[{"id":1602,"href":"https:\/\/motoclubplechatel.fr\/index.php\/wp-json\/wp\/v2\/pages\/1565\/revisions\/1602"}],"up":[{"embeddable":true,"href":"https:\/\/motoclubplechatel.fr\/index.php\/wp-json\/wp\/v2\/pages\/1124"}],"wp:attachment":[{"href":"https:\/\/motoclubplechatel.fr\/index.php\/wp-json\/wp\/v2\/media?parent=1565"}],"curies":[{"name":"wp","href":"https:\/\/api.w.org\/{rel}","templated":true}]}}