{"id":1502,"date":"2024-05-15T22:42:46","date_gmt":"2024-05-15T20:42:46","guid":{"rendered":"https:\/\/motoclubplechatel.fr\/?page_id=1502"},"modified":"2024-06-12T21:41:59","modified_gmt":"2024-06-12T19:41:59","slug":"2024-st-setier","status":"publish","type":"page","link":"https:\/\/motoclubplechatel.fr\/index.php\/photos\/photo-balade-moto-route\/2024-st-setier\/","title":{"rendered":"2024 &#8211; St Setier"},"content":{"rendered":"\n<p>Cette ann\u00e9e 2024 nous avons profit\u00e9 d&rsquo;un tr\u00e8s long pont (du mercredi 8 au dimanche 12 mai) pour nous \u00e9vader sur le plateau de Millevaches.<br>A l&rsquo;issu des 500km effectu\u00e9s dans la journ\u00e9e du <strong>mercredi <\/strong>nous avons rejoint le gite communal de <strong>St Setier<\/strong>. <br><strong>Jeudi<\/strong> : nous avons sillonn\u00e9 les routes passants par Peyrelevade pour rejoindre et visiter le site des ruines gallo-Romaines des Cars.<br>Le midi pique-nique \u00e0 l&rsquo;\u00e9tang de la Chattemissie apr\u00e8s \u00eatre pass\u00e9 par P\u00e9rols-sur-V\u00e9z\u00e8re, Bugeat. L&rsquo;apr\u00e8s midi nous avons travers\u00e9 Pradines, Lestards, Treignac avant de faire une pause au lac des Bariousses , puis nous avons rejoint la tour panoramique du Mont Bessou, avant de rentrer au gite apr\u00e8s avoir travers\u00e9 le bourg de Millevaches.<br><strong>Vendredi<\/strong> : Direction le Lac de Vassivi\u00e8re puis arr\u00eat dans la petite ville d&rsquo;Eymoutiers<br><strong>Samedi<\/strong> : March\u00e9 d&rsquo;Eymoutiers et pique-nique dans le parc de la ville puis balade dans les tourbi\u00e8res du Limousin (St Merd les Uussines\u2026.) ensuite un arr\u00eat au village des Milles Vaches.<br><strong>Dimanche <\/strong>: retour vers Pl\u00e9chatel au d\u00e9part sous une pluie d&rsquo;orage\u2026 mais une arriv\u00e9e avec du soleil<br><br>Super weekend sous un temps magnifique, m\u00eame chaud. Bonne ambiance. Merci aux organisateurs pour ce p\u00e9riple sur le \u00ab\u00a0Plateau des millesVaches\u00a0\u00bb en Corr\u00e8ze<br><\/p>\n\n\n\n<p class=\"has-text-align-center\">Cliquez sur la photo ci dessous pour visiter l&rsquo;album photo de cette sortie.<\/p>\n\n\n\n<figure class=\"wp-block-image aligncenter size-full is-resized\"><a href=\"https:\/\/photos.google.com\/share\/AF1QipP0cbBNK_b6A1guK3jkDJAa6Woynso0_07JM8HoE_Iahkvt-BTphsPBPRTQgXJFZQ?key=STB0djZPSG5YVmMxOUl4bkg3RXEyVHBnWUNxbDJ3\" target=\"_blank\" rel=\"noreferrer noopener\"><img loading=\"lazy\" decoding=\"async\" width=\"2560\" height=\"1920\" src=\"https:\/\/motoclubplechatel.fr\/wp-content\/uploads\/2024\/06\/IMG_4002-scaled.jpg\" alt=\"\" class=\"wp-image-1509\" style=\"width:440px;height:auto\" srcset=\"https:\/\/motoclubplechatel.fr\/wp-content\/uploads\/2024\/06\/IMG_4002-scaled.jpg 2560w, https:\/\/motoclubplechatel.fr\/wp-content\/uploads\/2024\/06\/IMG_4002-300x225.jpg 300w, https:\/\/motoclubplechatel.fr\/wp-content\/uploads\/2024\/06\/IMG_4002-1024x768.jpg 1024w, https:\/\/motoclubplechatel.fr\/wp-content\/uploads\/2024\/06\/IMG_4002-768x576.jpg 768w, https:\/\/motoclubplechatel.fr\/wp-content\/uploads\/2024\/06\/IMG_4002-1536x1152.jpg 1536w, https:\/\/motoclubplechatel.fr\/wp-content\/uploads\/2024\/06\/IMG_4002-2048x1536.jpg 2048w\" sizes=\"auto, (max-width: 2560px) 100vw, 2560px\" \/><\/a><\/figure>\n","protected":false},"excerpt":{"rendered":"<p>Cette ann\u00e9e 2024 nous avons profit\u00e9 d&rsquo;un tr\u00e8s long pont (du mercredi 8 au dimanche 12 mai) pour nous \u00e9vader [&hellip;]<\/p>\n","protected":false},"author":3,"featured_media":0,"parent":254,"menu_order":0,"comment_status":"closed","ping_status":"closed","template":"","meta":{"site-sidebar-layout":"default","site-content-layout":"","ast-site-content-layout":"default","site-content-style":"default","site-sidebar-style":"default","ast-global-header-display":"","ast-banner-title-visibility":"","ast-main-header-display":"","ast-hfb-above-header-display":"","ast-hfb-below-header-display":"","ast-hfb-mobile-header-display":"","site-post-title":"","ast-breadcrumbs-content":"","ast-featured-img":"","footer-sml-layout":"","ast-disable-related-posts":"","theme-transparent-header-meta":"","adv-header-id-meta":"","stick-header-meta":"","header-above-stick-meta":"","header-main-stick-meta":"","header-below-stick-meta":"","astra-migrate-meta-layouts":"default","ast-page-background-enabled":"default","ast-page-background-meta":{"desktop":{"background-color":"var(--ast-global-color-4)","background-image":"","background-repeat":"repeat","background-position":"center center","background-size":"auto","background-attachment":"scroll","background-type":"","background-media":"","overlay-type":"","overlay-color":"","overlay-opacity":"","overlay-gradient":""},"tablet":{"background-color":"","background-image":"","background-repeat":"repeat","background-position":"center center","background-size":"auto","background-attachment":"scroll","background-type":"","background-media":"","overlay-type":"","overlay-color":"","overlay-opacity":"","overlay-gradient":""},"mobile":{"background-color":"","background-image":"","background-repeat":"repeat","background-position":"center center","background-size":"auto","background-attachment":"scroll","background-type":"","background-media":"","overlay-type":"","overlay-color":"","overlay-opacity":"","overlay-gradient":""}},"ast-content-background-meta":{"desktop":{"background-color":"var(--ast-global-color-5)","background-image":"","background-repeat":"repeat","background-position":"center center","background-size":"auto","background-attachment":"scroll","background-type":"","background-media":"","overlay-type":"","overlay-color":"","overlay-opacity":"","overlay-gradient":""},"tablet":{"background-color":"var(--ast-global-color-5)","background-image":"","background-repeat":"repeat","background-position":"center center","background-size":"auto","background-attachment":"scroll","background-type":"","background-media":"","overlay-type":"","overlay-color":"","overlay-opacity":"","overlay-gradient":""},"mobile":{"background-color":"var(--ast-global-color-5)","background-image":"","background-repeat":"repeat","background-position":"center center","background-size":"auto","background-attachment":"scroll","background-type":"","background-media":"","overlay-type":"","overlay-color":"","overlay-opacity":"","overlay-gradient":""}},"footnotes":""},"class_list":["post-1502","page","type-page","status-publish","hentry"],"_links":{"self":[{"href":"https:\/\/motoclubplechatel.fr\/index.php\/wp-json\/wp\/v2\/pages\/1502","targetHints":{"allow":["GET"]}}],"collection":[{"href":"https:\/\/motoclubplechatel.fr\/index.php\/wp-json\/wp\/v2\/pages"}],"about":[{"href":"https:\/\/motoclubplechatel.fr\/index.php\/wp-json\/wp\/v2\/types\/page"}],"author":[{"embeddable":true,"href":"https:\/\/motoclubplechatel.fr\/index.php\/wp-json\/wp\/v2\/users\/3"}],"replies":[{"embeddable":true,"href":"https:\/\/motoclubplechatel.fr\/index.php\/wp-json\/wp\/v2\/comments?post=1502"}],"version-history":[{"count":10,"href":"https:\/\/motoclubplechatel.fr\/index.php\/wp-json\/wp\/v2\/pages\/1502\/revisions"}],"predecessor-version":[{"id":1730,"href":"https:\/\/motoclubplechatel.fr\/index.php\/wp-json\/wp\/v2\/pages\/1502\/revisions\/1730"}],"up":[{"embeddable":true,"href":"https:\/\/motoclubplechatel.fr\/index.php\/wp-json\/wp\/v2\/pages\/254"}],"wp:attachment":[{"href":"https:\/\/motoclubplechatel.fr\/index.php\/wp-json\/wp\/v2\/media?parent=1502"}],"curies":[{"name":"wp","href":"https:\/\/api.w.org\/{rel}","templated":true}]}}