{"id":14,"date":"2012-05-12T12:33:02","date_gmt":"2012-05-12T12:33:02","guid":{"rendered":"http:\/\/motoclubplechatel.free.fr\/?page_id=14"},"modified":"2026-01-02T20:57:48","modified_gmt":"2026-01-02T19:57:48","slug":"14-2","status":"publish","type":"page","link":"https:\/\/motoclubplechatel.fr\/index.php\/14-2\/","title":{"rendered":"Agenda"},"content":{"rendered":"\n<div style=\"height:20px\" aria-hidden=\"true\" class=\"wp-block-spacer\"><\/div>\n\n\n\n<p><strong>saison 2026<\/strong><\/p>\n\n\n\n<ul class=\"wp-block-list\">\n<li>17 janvier : Assembl\u00e9e g\u00e9n\u00e9rale \u00e0 la mairie de Pl\u00e9ch\u00e2tel<\/li>\n\n\n\n<li>12 avril : Trial Championnat de Bretagne<\/li>\n\n\n\n<li>13 mai-17 mai : Balade moto route -> <a href=\"https:\/\/www.guedelon.fr\/\" target=\"_blank\" rel=\"noreferrer noopener\"><em>Ch\u00e2teau de Gu\u00e9delon<\/em><\/a>, h\u00e9bergement au camping <em><a href=\"https:\/\/camping-joumiers.com\/\" target=\"_blank\" rel=\"noreferrer noopener\">Les Joumiers<\/a><\/em> St Sauveur en Puisaye (89520)<\/li>\n\n\n\n<li>Challenge Club<\/li>\n\n\n\n<li>Gallo Trial<\/li>\n<\/ul>\n\n\n\n<div style=\"height:20px\" aria-hidden=\"true\" class=\"wp-block-spacer\"><\/div>\n\n\n\n<p><strong>saison 2025<\/strong><\/p>\n\n\n\n<ul class=\"wp-block-list\">\n<li>18 janvier : Assembl\u00e9e g\u00e9n\u00e9rale \u00e9lective \u00e0 la mairie de Pl\u00e9ch\u00e2tel<\/li>\n\n\n\n<li>13 avril : Trial Championnat de Bretagne<\/li>\n\n\n\n<li>29 mai-1er juin : Balade moto route -&gt; <a href=\"https:\/\/photos.app.goo.gl\/BLtdswREcTs1mwc56\" target=\"_blank\" rel=\"noreferrer noopener\">Moulins Le Charbonnel<\/a> (72130) dans les Alpes Mancelles<\/li>\n\n\n\n<li>Challenge Club<\/li>\n\n\n\n<li>Gallo Trial<\/li>\n<\/ul>\n\n\n\n<div style=\"height:20px\" aria-hidden=\"true\" class=\"wp-block-spacer\"><\/div>\n\n\n\n<p><strong>saison 2024<\/strong><\/p>\n\n\n\n<ul class=\"wp-block-list\">\n<li>20 janvier :&nbsp;Assembl\u00e9e g\u00e9n\u00e9rale<\/li>\n\n\n\n<li>7 avril :&nbsp;Trial ouverture du championnat de Bretagne   <a href=\"http:\/\/motoclubplechatel.fr\/wp-content\/uploads\/2024\/02\/2024-affiche-trial-V2.pdf\" target=\"_blank\" rel=\"noreferrer noopener\"><img loading=\"lazy\" decoding=\"async\" width=\"100\" height=\"141\" class=\"wp-image-1439\" style=\"width: 100px;\" src=\"http:\/\/motoclubplechatel.fr\/wp-content\/uploads\/2024\/02\/2024-affiche-trial-V2.png\" alt=\"\" srcset=\"https:\/\/motoclubplechatel.fr\/wp-content\/uploads\/2024\/02\/2024-affiche-trial-V2.png 557w, https:\/\/motoclubplechatel.fr\/wp-content\/uploads\/2024\/02\/2024-affiche-trial-V2-213x300.png 213w\" sizes=\"auto, (max-width: 100px) 100vw, 100px\" \/><\/a><\/li>\n\n\n\n<li>8-12 mai :&nbsp;balade moto route -&gt; St SETIER (19290), PNR de Millevaches<\/li>\n\n\n\n<li>12 octobre : Challenge club<\/li>\n<\/ul>\n\n\n\n<div style=\"height:20px\" aria-hidden=\"true\" class=\"wp-block-spacer\"><\/div>\n\n\n\n<p><strong>saison 2023<\/strong><\/p>\n\n\n\n<ul class=\"wp-block-list\">\n<li>26 mars :&nbsp;Trial ouverture du championnat de Bretagne<\/li>\n\n\n\n<li>18-19-20-21 mai : balade moto route, destination Rochefort (17300).<\/li>\n\n\n\n<li>17 juin : Journ\u00e9e Challenge Club<\/li>\n\n\n\n<li>30 sept.-1er octobre : Trial gallo<\/li>\n<\/ul>\n\n\n\n<div style=\"height:20px\" aria-hidden=\"true\" class=\"wp-block-spacer\"><\/div>\n\n\n\n<p><strong>saison 2022<\/strong><\/p>\n\n\n\n<ul class=\"wp-block-list\">\n<li>27 mars :&nbsp;<a href=\"http:\/\/motoclubplechatel.fr\/?page_id=608\">Trial ouverture du championnat de Bretagne<\/a><\/li>\n\n\n\n<li>26-27-28-29 mai : balade moto route, destination les abers.<\/li>\n\n\n\n<li>18 juin : Randuro gallo vintage<\/li>\n\n\n\n<li>15-16 octobre : Trial gallo<\/li>\n<\/ul>\n\n\n\n<div style=\"height:20px\" aria-hidden=\"true\" class=\"wp-block-spacer\"><\/div>\n\n\n\n<p><strong>saison 2019<\/strong><\/p>\n\n\n\n<ul class=\"wp-block-list\">\n<li>24 mars :&nbsp;Trial ouverture du championnat de Bretagne<\/li>\n<\/ul>\n\n\n\n<div style=\"height:20px\" aria-hidden=\"true\" class=\"wp-block-spacer\"><\/div>\n\n\n\n<p><strong>saison 2018<\/strong><\/p>\n\n\n\n<ul class=\"wp-block-list\">\n<li><span style=\"font-size: 16px;\">25 mars :&nbsp;Trial ouverture du championnat de Bretagne<\/span><\/li>\n\n\n\n<li>13 &amp; 14 octobre 2018 : Gallo trial<\/li>\n<\/ul>\n\n\n\n<div style=\"height:20px\" aria-hidden=\"true\" class=\"wp-block-spacer\"><\/div>\n\n\n\n<p><strong>saison 2017<\/strong>&nbsp;:<\/p>\n\n\n\n<ul class=\"wp-block-list\">\n<li>14 janvier : Assembl\u00e9e G\u00e9n\u00e9rale du Moto Club, \u00e0 18h00 Salle Tonneraye<\/li>\n\n\n\n<li>26 mars :&nbsp;Trial ouverture du championnat de Bretagne<\/li>\n\n\n\n<li>14 &amp; 15 octobre 2017 : Gallo trial<\/li>\n<\/ul>\n\n\n\n<div style=\"height:20px\" aria-hidden=\"true\" class=\"wp-block-spacer\"><\/div>\n\n\n\n<p><strong>saison 2016<\/strong>&nbsp;:<\/p>\n\n\n\n<ul class=\"wp-block-list\">\n<li>16 janvier : Assembl\u00e9e G\u00e9n\u00e9rale du Moto Club, \u00e0 16h00 Salle Tonneraye<\/li>\n\n\n\n<li>13 mars :&nbsp;Trial<\/li>\n\n\n\n<li>d\u00e9but juillet : balade moto route<\/li>\n\n\n\n<li>en septembre : rallye moto (organis\u00e9 par J\u00e9rome et Pascal)<\/li>\n\n\n\n<li>15 et 16 octobre : <a href=\"http:\/\/motoclubplechatel.fr\/?p=635\">rando&nbsp;Gallo trial<\/a> : pr\u00e9sentation et bulletin \u00e0 partir du mardi 5 juillet<\/li>\n<\/ul>\n\n\n\n<div style=\"height:20px\" aria-hidden=\"true\" class=\"wp-block-spacer\"><\/div>\n\n\n\n<p><strong>saison 2015<\/strong> :<\/p>\n\n\n\n<ul class=\"wp-block-list\">\n<li>17 janvier : Assembl\u00e9e G\u00e9n\u00e9rale du Moto Club<\/li>\n\n\n\n<li>12 avril : <a href=\"http:\/\/motoclubplechatel.fr\/?p=517\">Trial sur le site de l&rsquo;Ardouais<\/a><\/li>\n\n\n\n<li>8-9-10 mai : balade moto route (direction La Normandie)<\/li>\n\n\n\n<li>19 septembre : rallye moto (organis\u00e9 par J\u00e9rome et Pascal)<\/li>\n\n\n\n<li>3-4 octobre :&nbsp;rando&nbsp;Gallo trial (<a href=\"http:\/\/motoclubplechatel.fr\/?p=566\">plus d&rsquo;infos<\/a>)(<a href=\"http:\/\/motoclubplechatel.fr\/wp-content\/uploads\/2015_BulletinEngagtGalloTrial.pdf\" target=\"_blank\" rel=\"noreferrer noopener\">bulletin d&rsquo;inscription<\/a>)<\/li>\n<\/ul>\n\n\n\n<div style=\"height:20px\" aria-hidden=\"true\" class=\"wp-block-spacer\"><\/div>\n\n\n\n<p><strong>saison 2014<\/strong> :<\/p>\n\n\n\n<ul class=\"wp-block-list\">\n<li>18 janvier : Assembl\u00e9e G\u00e9n\u00e9rale du Moto Club<\/li>\n\n\n\n<li>16 mars : trial national championnat de Bretagne (<a title=\"Trial : 16 mars 2014\" href=\"http:\/\/motoclubplechatel.free.fr\/?p=363\">plus <\/a><a href=\"http:\/\/motoclubplechatel.fr\/?p=363\">d&rsquo;infos<\/a>)<\/li>\n\n\n\n<li>24 et 25 mai : balade moto route (destination \u00e0 d\u00e9finir)<\/li>\n\n\n\n<li>27 &amp; 28 septembre : Rando Gallo Trial (<a href=\"http:\/\/motoclubplechatel.fr\/?p=417\">plus d&rsquo;infos<\/a>) (<a href=\"http:\/\/motoclubplechatel.fr\/?page_id=381\">les photos<\/a>)<\/li>\n<\/ul>\n\n\n\n<div style=\"height:20px\" aria-hidden=\"true\" class=\"wp-block-spacer\"><\/div>\n\n\n\n<p><strong>saison 2013<\/strong> :<\/p>\n\n\n\n<ul class=\"wp-block-list\">\n<li>24 mars : trial national championnat Bretagne\/Normandie<\/li>\n\n\n\n<li>8-9 mai : balade route<\/li>\n\n\n\n<li>21 et22 septembre : Rando Gallo Trial<\/li>\n<\/ul>\n","protected":false},"excerpt":{"rendered":"<p>saison 2026 saison 2025 saison 2024 saison 2023 saison 2022 saison 2019 saison 2018 saison 2017&nbsp;: saison 2016&nbsp;: saison 2015 [&hellip;]<\/p>\n","protected":false},"author":2,"featured_media":0,"parent":0,"menu_order":3,"comment_status":"closed","ping_status":"closed","template":"","meta":{"site-sidebar-layout":"default","site-content-layout":"","ast-site-content-layout":"default","site-content-style":"default","site-sidebar-style":"default","ast-global-header-display":"","ast-banner-title-visibility":"","ast-main-header-display":"","ast-hfb-above-header-display":"","ast-hfb-below-header-display":"","ast-hfb-mobile-header-display":"","site-post-title":"","ast-breadcrumbs-content":"","ast-featured-img":"","footer-sml-layout":"","ast-disable-related-posts":"","theme-transparent-header-meta":"","adv-header-id-meta":"","stick-header-meta":"","header-above-stick-meta":"","header-main-stick-meta":"","header-below-stick-meta":"","astra-migrate-meta-layouts":"default","ast-page-background-enabled":"default","ast-page-background-meta":{"desktop":{"background-color":"var(--ast-global-color-4)","background-image":"","background-repeat":"repeat","background-position":"center center","background-size":"auto","background-attachment":"scroll","background-type":"","background-media":"","overlay-type":"","overlay-color":"","overlay-opacity":"","overlay-gradient":""},"tablet":{"background-color":"","background-image":"","background-repeat":"repeat","background-position":"center center","background-size":"auto","background-attachment":"scroll","background-type":"","background-media":"","overlay-type":"","overlay-color":"","overlay-opacity":"","overlay-gradient":""},"mobile":{"background-color":"","background-image":"","background-repeat":"repeat","background-position":"center center","background-size":"auto","background-attachment":"scroll","background-type":"","background-media":"","overlay-type":"","overlay-color":"","overlay-opacity":"","overlay-gradient":""}},"ast-content-background-meta":{"desktop":{"background-color":"var(--ast-global-color-5)","background-image":"","background-repeat":"repeat","background-position":"center center","background-size":"auto","background-attachment":"scroll","background-type":"","background-media":"","overlay-type":"","overlay-color":"","overlay-opacity":"","overlay-gradient":""},"tablet":{"background-color":"var(--ast-global-color-5)","background-image":"","background-repeat":"repeat","background-position":"center center","background-size":"auto","background-attachment":"scroll","background-type":"","background-media":"","overlay-type":"","overlay-color":"","overlay-opacity":"","overlay-gradient":""},"mobile":{"background-color":"var(--ast-global-color-5)","background-image":"","background-repeat":"repeat","background-position":"center center","background-size":"auto","background-attachment":"scroll","background-type":"","background-media":"","overlay-type":"","overlay-color":"","overlay-opacity":"","overlay-gradient":""}},"footnotes":""},"class_list":["post-14","page","type-page","status-publish","hentry"],"_links":{"self":[{"href":"https:\/\/motoclubplechatel.fr\/index.php\/wp-json\/wp\/v2\/pages\/14","targetHints":{"allow":["GET"]}}],"collection":[{"href":"https:\/\/motoclubplechatel.fr\/index.php\/wp-json\/wp\/v2\/pages"}],"about":[{"href":"https:\/\/motoclubplechatel.fr\/index.php\/wp-json\/wp\/v2\/types\/page"}],"author":[{"embeddable":true,"href":"https:\/\/motoclubplechatel.fr\/index.php\/wp-json\/wp\/v2\/users\/2"}],"replies":[{"embeddable":true,"href":"https:\/\/motoclubplechatel.fr\/index.php\/wp-json\/wp\/v2\/comments?post=14"}],"version-history":[{"count":17,"href":"https:\/\/motoclubplechatel.fr\/index.php\/wp-json\/wp\/v2\/pages\/14\/revisions"}],"predecessor-version":[{"id":1744,"href":"https:\/\/motoclubplechatel.fr\/index.php\/wp-json\/wp\/v2\/pages\/14\/revisions\/1744"}],"wp:attachment":[{"href":"https:\/\/motoclubplechatel.fr\/index.php\/wp-json\/wp\/v2\/media?parent=14"}],"curies":[{"name":"wp","href":"https:\/\/api.w.org\/{rel}","templated":true}]}}