{"id":1129,"date":"2023-06-19T20:19:02","date_gmt":"2023-06-19T20:19:02","guid":{"rendered":"http:\/\/motoclubplechatel.free.fr\/?page_id=1129"},"modified":"2024-10-13T22:12:19","modified_gmt":"2024-10-13T20:12:19","slug":"2023-2","status":"publish","type":"page","link":"https:\/\/motoclubplechatel.fr\/index.php\/challenge-club\/2023-2\/","title":{"rendered":"2023 Challenge Club"},"content":{"rendered":"\n<p>C&rsquo;est le <strong>17 juin 2023<\/strong> qu&rsquo;a eu lieu la premi\u00e8re \u00e9dition du challenge Club du MC Pl\u00e9ch\u00e2tel.<br> Ce challenge est sorti de l&rsquo;imagination de Jean-Marc, Ludo lui a pr\u00eat\u00e9 main forte pour l&rsquo;organisation.<\/p>\n\n\n\n<p>Cette premi\u00e8re \u00e9dition f\u00fbt une r\u00e9ussite pleine de bonne humeur et de rigolade.<\/p>\n\n\n\n<p>Retrouvez l&rsquo;ambiance de cette journ\u00e9e au travers des 960 photos !! (Merci Ad\u00e8le, Kelly, et les autres)<br>\nCliquez sur la photo ci dessous pour voir les autres.<\/p>\n\n\n\n<figure class=\"wp-block-image aligncenter is-resized\"><a href=\"https:\/\/photos.app.goo.gl\/J8GCatDCzHhWx4mo8\" target=\"_blank\" rel=\"noopener\"><img decoding=\"async\" src=\"http:\/\/motoclubplechatel.fr\/wp-content\/uploads\/2023\/06\/20230617_ChallengeClub-390.jpg\" alt=\"\" class=\"wp-image-1130\" style=\"width:452px;height:auto\" title=\"20230617_ChallengeClub (390)\"\/><\/a><\/figure>\n","protected":false},"excerpt":{"rendered":"<p>C&rsquo;est le 17 juin 2023 qu&rsquo;a eu lieu la premi\u00e8re \u00e9dition du challenge Club du MC Pl\u00e9ch\u00e2tel. Ce challenge est [&hellip;]<\/p>\n","protected":false},"author":3,"featured_media":0,"parent":1124,"menu_order":0,"comment_status":"closed","ping_status":"closed","template":"","meta":{"site-sidebar-layout":"default","site-content-layout":"","ast-site-content-layout":"default","site-content-style":"default","site-sidebar-style":"default","ast-global-header-display":"","ast-banner-title-visibility":"","ast-main-header-display":"","ast-hfb-above-header-display":"","ast-hfb-below-header-display":"","ast-hfb-mobile-header-display":"","site-post-title":"disabled","ast-breadcrumbs-content":"","ast-featured-img":"","footer-sml-layout":"","ast-disable-related-posts":"","theme-transparent-header-meta":"","adv-header-id-meta":"","stick-header-meta":"","header-above-stick-meta":"","header-main-stick-meta":"","header-below-stick-meta":"","astra-migrate-meta-layouts":"default","ast-page-background-enabled":"default","ast-page-background-meta":{"desktop":{"background-color":"var(--ast-global-color-4)","background-image":"","background-repeat":"repeat","background-position":"center center","background-size":"auto","background-attachment":"scroll","background-type":"","background-media":"","overlay-type":"","overlay-color":"","overlay-opacity":"","overlay-gradient":""},"tablet":{"background-color":"","background-image":"","background-repeat":"repeat","background-position":"center center","background-size":"auto","background-attachment":"scroll","background-type":"","background-media":"","overlay-type":"","overlay-color":"","overlay-opacity":"","overlay-gradient":""},"mobile":{"background-color":"","background-image":"","background-repeat":"repeat","background-position":"center center","background-size":"auto","background-attachment":"scroll","background-type":"","background-media":"","overlay-type":"","overlay-color":"","overlay-opacity":"","overlay-gradient":""}},"ast-content-background-meta":{"desktop":{"background-color":"var(--ast-global-color-5)","background-image":"","background-repeat":"repeat","background-position":"center center","background-size":"auto","background-attachment":"scroll","background-type":"","background-media":"","overlay-type":"","overlay-color":"","overlay-opacity":"","overlay-gradient":""},"tablet":{"background-color":"var(--ast-global-color-5)","background-image":"","background-repeat":"repeat","background-position":"center center","background-size":"auto","background-attachment":"scroll","background-type":"","background-media":"","overlay-type":"","overlay-color":"","overlay-opacity":"","overlay-gradient":""},"mobile":{"background-color":"var(--ast-global-color-5)","background-image":"","background-repeat":"repeat","background-position":"center center","background-size":"auto","background-attachment":"scroll","background-type":"","background-media":"","overlay-type":"","overlay-color":"","overlay-opacity":"","overlay-gradient":""}},"footnotes":""},"class_list":["post-1129","page","type-page","status-publish","hentry"],"_links":{"self":[{"href":"https:\/\/motoclubplechatel.fr\/index.php\/wp-json\/wp\/v2\/pages\/1129","targetHints":{"allow":["GET"]}}],"collection":[{"href":"https:\/\/motoclubplechatel.fr\/index.php\/wp-json\/wp\/v2\/pages"}],"about":[{"href":"https:\/\/motoclubplechatel.fr\/index.php\/wp-json\/wp\/v2\/types\/page"}],"author":[{"embeddable":true,"href":"https:\/\/motoclubplechatel.fr\/index.php\/wp-json\/wp\/v2\/users\/3"}],"replies":[{"embeddable":true,"href":"https:\/\/motoclubplechatel.fr\/index.php\/wp-json\/wp\/v2\/comments?post=1129"}],"version-history":[{"count":2,"href":"https:\/\/motoclubplechatel.fr\/index.php\/wp-json\/wp\/v2\/pages\/1129\/revisions"}],"predecessor-version":[{"id":1569,"href":"https:\/\/motoclubplechatel.fr\/index.php\/wp-json\/wp\/v2\/pages\/1129\/revisions\/1569"}],"up":[{"embeddable":true,"href":"https:\/\/motoclubplechatel.fr\/index.php\/wp-json\/wp\/v2\/pages\/1124"}],"wp:attachment":[{"href":"https:\/\/motoclubplechatel.fr\/index.php\/wp-json\/wp\/v2\/media?parent=1129"}],"curies":[{"name":"wp","href":"https:\/\/api.w.org\/{rel}","templated":true}]}}