{"id":1088,"date":"2023-05-30T16:53:16","date_gmt":"2023-05-30T16:53:16","guid":{"rendered":"http:\/\/motoclubplechatel.free.fr\/?page_id=1088"},"modified":"2024-02-11T19:25:09","modified_gmt":"2024-02-11T18:25:09","slug":"2023-rochefort-17","status":"publish","type":"page","link":"https:\/\/motoclubplechatel.fr\/index.php\/photos\/photo-balade-moto-route\/2023-rochefort-17\/","title":{"rendered":"2023 &#8211; Rochefort"},"content":{"rendered":"<p>Les 18, 19, 20 et 21 mai 2023 a eu lieu la balade annuelle du moto club de Pl\u00e9ch\u00e2tel.<br \/>\nCette ann\u00e9e la destination \u00e9tait Rochefort (17).<br \/>\nNotre h\u00e9bergement se situait \u00e0 l&rsquo;Auberge de Jeunesse de Rochefort.<br \/>\n<strong>Pour le trajet aller<\/strong> (le jeudi) nous sommes pass\u00e9 par Redon, St Nazaire, pique nique \u00e0 Pr\u00e9failles face \u00e0 la mer, puis\u00a0 St Jean de Monts, Les Sables d&rsquo;Olonne, et enfin Rochefort avec une 1h de retard, le pont de Brault \u00e9tait en panne ce qui nous a contraint \u00e0 un d\u00e9tour, Heureusement, l&rsquo;auberge nous attendait pour le diner.<br \/>\n<strong>Le vendredi<\/strong> visite guid\u00e9e de la corderie royale de Rochefort, pique-nique dans son parc, puis apr\u00e8s le pique nique balade vers Saintes. Diner au restaurant le\u00a0Ker Zen (dans Rochefort).<br \/>\n<strong>Le samedi<\/strong> visite du\u00a0Mus\u00e9e des Commerces d&rsquo;Autrefois (Rochefort), puis direction l&rsquo;ile d&rsquo;Ol\u00e9ron pour le pique nique, d\u00e9tour par\u00a0le phare de Chassiron, puis\u00a0retour par\u00a0Boyardville (vue sur le fort Boyard) passage aux forges royales de Brouage\u00a0et diner \u00e0 Ports-Des-Barques au restaurant \u00ab\u00a0La Marine Chez Christy\u00a0\u00bb.<br \/>\n<strong>Trajet retour<\/strong> (le dimanche) par Lu\u00e7on,\u00a0pause ap\u00e9ro chez Elisa\u00a0avant ST FULGENT<em> et<\/em> pique nique \u00e0 Clisson au pied du ch\u00e2teau avec animation m\u00e9di\u00e9vale, enfin\u00a0arriv\u00e9e \u00e0 Pl\u00e9ch\u00e2tel vers 18h30 apr\u00e8s un WE de environ 950km<\/p>\n<p>Un week-end plein de soleil et d&rsquo;\u00e9motions avec &#8230; du rire et de la bonne humeur ( photos \u00e0 l&rsquo;appui) !!<\/p>\n<p>Retrouvez les photos de cette sortie en cliquant sur la photo ci dessous.<\/p>\n<p><a title=\"2023_Rochefort\" href=\"https:\/\/photos.app.goo.gl\/7gjY7sNHBBu8AtUt5\" target=\"_blank\" rel=\"noopener\"><img loading=\"lazy\" decoding=\"async\" class=\"aligncenter size-medium wp-image-1098\" title=\"2023_Rochefort\" src=\"http:\/\/motoclubplechatel.fr\/wp-content\/uploads\/2023\/05\/2023_Rochefort-300x159.jpg\" alt=\"\" width=\"300\" height=\"159\" srcset=\"https:\/\/motoclubplechatel.fr\/wp-content\/uploads\/2023\/05\/2023_Rochefort-300x159.jpg 300w, https:\/\/motoclubplechatel.fr\/wp-content\/uploads\/2023\/05\/2023_Rochefort-768x408.jpg 768w, https:\/\/motoclubplechatel.fr\/wp-content\/uploads\/2023\/05\/2023_Rochefort.jpg 859w\" sizes=\"auto, (max-width: 300px) 100vw, 300px\" \/><\/a><\/p>\n","protected":false},"excerpt":{"rendered":"<p>Les 18, 19, 20 et 21 mai 2023 a eu lieu la balade annuelle du moto club de Pl\u00e9ch\u00e2tel. Cette [&hellip;]<\/p>\n","protected":false},"author":3,"featured_media":0,"parent":254,"menu_order":0,"comment_status":"closed","ping_status":"closed","template":"","meta":{"site-sidebar-layout":"default","site-content-layout":"","ast-site-content-layout":"default","site-content-style":"default","site-sidebar-style":"default","ast-global-header-display":"","ast-banner-title-visibility":"","ast-main-header-display":"","ast-hfb-above-header-display":"","ast-hfb-below-header-display":"","ast-hfb-mobile-header-display":"","site-post-title":"","ast-breadcrumbs-content":"","ast-featured-img":"","footer-sml-layout":"","ast-disable-related-posts":"","theme-transparent-header-meta":"","adv-header-id-meta":"","stick-header-meta":"","header-above-stick-meta":"","header-main-stick-meta":"","header-below-stick-meta":"","astra-migrate-meta-layouts":"default","ast-page-background-enabled":"default","ast-page-background-meta":{"desktop":{"background-color":"var(--ast-global-color-4)","background-image":"","background-repeat":"repeat","background-position":"center center","background-size":"auto","background-attachment":"scroll","background-type":"","background-media":"","overlay-type":"","overlay-color":"","overlay-opacity":"","overlay-gradient":""},"tablet":{"background-color":"","background-image":"","background-repeat":"repeat","background-position":"center center","background-size":"auto","background-attachment":"scroll","background-type":"","background-media":"","overlay-type":"","overlay-color":"","overlay-opacity":"","overlay-gradient":""},"mobile":{"background-color":"","background-image":"","background-repeat":"repeat","background-position":"center center","background-size":"auto","background-attachment":"scroll","background-type":"","background-media":"","overlay-type":"","overlay-color":"","overlay-opacity":"","overlay-gradient":""}},"ast-content-background-meta":{"desktop":{"background-color":"var(--ast-global-color-5)","background-image":"","background-repeat":"repeat","background-position":"center center","background-size":"auto","background-attachment":"scroll","background-type":"","background-media":"","overlay-type":"","overlay-color":"","overlay-opacity":"","overlay-gradient":""},"tablet":{"background-color":"var(--ast-global-color-5)","background-image":"","background-repeat":"repeat","background-position":"center center","background-size":"auto","background-attachment":"scroll","background-type":"","background-media":"","overlay-type":"","overlay-color":"","overlay-opacity":"","overlay-gradient":""},"mobile":{"background-color":"var(--ast-global-color-5)","background-image":"","background-repeat":"repeat","background-position":"center center","background-size":"auto","background-attachment":"scroll","background-type":"","background-media":"","overlay-type":"","overlay-color":"","overlay-opacity":"","overlay-gradient":""}},"footnotes":""},"class_list":["post-1088","page","type-page","status-publish","hentry"],"_links":{"self":[{"href":"https:\/\/motoclubplechatel.fr\/index.php\/wp-json\/wp\/v2\/pages\/1088","targetHints":{"allow":["GET"]}}],"collection":[{"href":"https:\/\/motoclubplechatel.fr\/index.php\/wp-json\/wp\/v2\/pages"}],"about":[{"href":"https:\/\/motoclubplechatel.fr\/index.php\/wp-json\/wp\/v2\/types\/page"}],"author":[{"embeddable":true,"href":"https:\/\/motoclubplechatel.fr\/index.php\/wp-json\/wp\/v2\/users\/3"}],"replies":[{"embeddable":true,"href":"https:\/\/motoclubplechatel.fr\/index.php\/wp-json\/wp\/v2\/comments?post=1088"}],"version-history":[{"count":1,"href":"https:\/\/motoclubplechatel.fr\/index.php\/wp-json\/wp\/v2\/pages\/1088\/revisions"}],"predecessor-version":[{"id":1413,"href":"https:\/\/motoclubplechatel.fr\/index.php\/wp-json\/wp\/v2\/pages\/1088\/revisions\/1413"}],"up":[{"embeddable":true,"href":"https:\/\/motoclubplechatel.fr\/index.php\/wp-json\/wp\/v2\/pages\/254"}],"wp:attachment":[{"href":"https:\/\/motoclubplechatel.fr\/index.php\/wp-json\/wp\/v2\/media?parent=1088"}],"curies":[{"name":"wp","href":"https:\/\/api.w.org\/{rel}","templated":true}]}}